{"id":84,"date":"2025-08-15T04:20:33","date_gmt":"2025-08-15T04:20:33","guid":{"rendered":"https:\/\/federicoestol.com\/?page_id=84"},"modified":"2025-12-13T18:02:45","modified_gmt":"2025-12-13T18:02:45","slug":"bio","status":"publish","type":"page","link":"https:\/\/federicoestol.com\/eng\/bio\/","title":{"rendered":"About"},"content":{"rendered":"<div data-elementor-type=\"wp-page\" data-elementor-id=\"84\" class=\"elementor elementor-84\" data-elementor-post-type=\"page\">\n\t\t\t\t<div class=\"elementor-element elementor-element-eb1b12c e-flex e-con-boxed e-con e-parent\" data-id=\"eb1b12c\" data-element_type=\"container\" data-settings=\"{&quot;background_background&quot;:&quot;classic&quot;}\">\n\t\t\t\t\t<div class=\"e-con-inner\">\n\t\t\t\t<div class=\"elementor-element elementor-element-80ab51b elementor-widget elementor-widget-image\" data-id=\"80ab51b\" data-element_type=\"widget\" data-widget_type=\"image.default\">\n\t\t\t\t\t\t\t\t\t\t\t\t\t\t\t<img alt=\"\" fetchpriority=\"high\" decoding=\"async\" width=\"2560\" height=\"2080\" src=\"https:\/\/federicoestol.com\/wp-content\/uploads\/2025\/08\/IMG_0949-scaled.jpg\" class=\"attachment-full size-full wp-image-217\" srcset=\"https:\/\/federicoestol.com\/wp-content\/uploads\/2025\/08\/IMG_0949-scaled.jpg 2560w, https:\/\/federicoestol.com\/wp-content\/uploads\/2025\/08\/IMG_0949-300x244.jpg 300w, https:\/\/federicoestol.com\/wp-content\/uploads\/2025\/08\/IMG_0949-1024x832.jpg 1024w, https:\/\/federicoestol.com\/wp-content\/uploads\/2025\/08\/IMG_0949-768x624.jpg 768w, https:\/\/federicoestol.com\/wp-content\/uploads\/2025\/08\/IMG_0949-1536x1248.jpg 1536w, https:\/\/federicoestol.com\/wp-content\/uploads\/2025\/08\/IMG_0949-2048x1664.jpg 2048w, https:\/\/federicoestol.com\/wp-content\/uploads\/2025\/08\/IMG_0949-15x12.jpg 15w\" sizes=\"(max-width: 2560px) 100vw, 2560px\" \/>\t\t\t\t\t\t\t\t\t\t\t\t\t\t\t<\/div>\n\t\t\t\t\t<\/div>\n\t\t\t\t<\/div>\n\t\t<div class=\"elementor-element elementor-element-17bd7df e-con-full e-flex e-con e-parent\" data-id=\"17bd7df\" data-element_type=\"container\">\n\t\t\t\t<div class=\"elementor-element elementor-element-8eb5a46 elementor-widget elementor-widget-heading\" data-id=\"8eb5a46\" data-element_type=\"widget\" data-widget_type=\"heading.default\">\n\t\t\t\t\t<h6 class=\"elementor-heading-title elementor-size-default\">BIO:<\/h6>\t\t\t\t<\/div>\n\t\t\t\t<div class=\"elementor-element elementor-element-50e2fa5 elementor-widget elementor-widget-text-editor\" data-id=\"50e2fa5\" data-element_type=\"widget\" data-widget_type=\"text-editor.default\">\n\t\t\t\t\t\t\t\t\t<p>Uruguayan visual storyteller and social artivist. He is currently developing long-term projects that explore the relationship between cultural identity, inequality, and social justice. He is also the artistic director of the international festival SAN JOS\u00c9 FOTO, an invited professor at the University of Arts at the UNLP La Plata (Argentina), and a photobook editor at El Ministerio Ediciones (Uruguay). His work is represented by the East Wing gallery (Qatar), and he has been a Catchlight Global Fellow (USA) since 2025.<\/p>\n<p>Estol holds a degree in photography from the UPC-Barcelona Tech University and a diploma in popular education from the Franciscan Multiversity of Latin America. His work has received accolades such as the KG+ Select Award at Kyotographie (Japan), the Emergentes Award at the Encontros da Imagem Festival (Portugal), the Marco Pesaresi Contemporary Photography Prize (Italy), the FELIFA International Photobook Award (Argentina), the Critical Mass \u2013 Photolucida Award from the Oregon Center of Photography (USA), the Jury Award at the Lenzburg Festival (Switzerland), the Best Latin American Photobook Award from the Montevideo Photography Center (Uruguay), and the Expert Award from the Lishui Photography Museum (China).<\/p>\n<p>He has also been a finalist for the Paris Photo\u2013Aperture Photobook Award (France), the Global Peace Photo Award (Germany) and the Kaunas Photo Star prize (Lithuania).<\/p>\n<p>His photographs have been exhibited in galleries, cultural centers and festivals around the world including Les Rencontres d\u2019Arles (France), Kunsthal Art Museum (Netherlands), Format Festival (UK), Village of Photography (South Korea), Benaki Museum (Greece), Blue Sky Gallery and FotoForum Santa Fe (USA), Horikawa Oike Gallery (Japan), Photovisa (Russia), Photographic Center Nykyaika (Finland), Angkor Photo Festival (Cambodia), Getxophoto and SCAN Festival (Spain), Casa Nacional del Bicentenario (Argentina), Head On Photofestival (Australia), Cortona on the Move and MACRO Museum (Italy), Museo de la Ciudad (Mexico), Fotofestiwal Lodz (Poland), Landskrona FotoFestival (Sweden), Ras Al Khaimah Art (United Arab Emirates), Lagos Photo (Nigeria), Chennai Photo Biennale (India), Addis Foto Fest (Ethiopia), Montevideo Photography Center (Uruguay), the Photobook Museum (Germany) and GNration (Portugal).<\/p>\n<p>His work has also been published in media such as The Guardian, Internazionale, Die Zeit, Lento Magazine, China Newsweek Magazine, El Pa\u00eds and the Financial Times.<\/p>\n<p>His works are found in various private and public collections such as the IHEAL Latin American Institute of the Sorbonne University in France, the FOLA Latin American Photo Library in Argentina, the Lishui Photography Museum in China, the Fondazione Orestiadi in Italy, the Museum of the Avant-garde in Switzerland and the National Museum of Photography in Norway.<\/p>\t\t\t\t\t\t\t\t<\/div>\n\t\t\t\t<\/div>\n\t\t<div class=\"elementor-element elementor-element-114fb3d e-con-full e-flex e-con e-parent\" data-id=\"114fb3d\" data-element_type=\"container\">\n\t\t<div class=\"elementor-element elementor-element-89aa92a e-con-full e-flex e-con e-child\" data-id=\"89aa92a\" data-element_type=\"container\">\n\t\t\t\t<div class=\"elementor-element elementor-element-74e0498 elementor-widget elementor-widget-heading\" data-id=\"74e0498\" data-element_type=\"widget\" data-widget_type=\"heading.default\">\n\t\t\t\t\t<h6 class=\"elementor-heading-title elementor-size-default\">Awards, grants and distinctions obtained:\n<\/h6>\t\t\t\t<\/div>\n\t\t\t\t<div class=\"elementor-element elementor-element-fee4299 elementor-widget elementor-widget-text-editor\" data-id=\"fee4299\" data-element_type=\"widget\" data-widget_type=\"text-editor.default\">\n\t\t\t\t\t\t\t\t\t<p>Catchlight Global Fellow EE. UU. 2025\u00a0<br \/>Grand Prix del KG+ Select Award Kyotographie, Jap\u00f3n 2025<br \/>Fotoforum Santa Fe Award 2025, USA 2025\u00a0<br \/>Preus Museum - Oslo Negativ Festival Award, Norway 2024<br \/>Marco Pesaresi Award for Contemporary Photography, Italy 2024<br \/>Jury Award of the Fotofestival Lenzburg, Switzerland 2023<br \/>Honorable mention of the Daylight Photo Awards, USA 2022<br \/>Lishui Expert Award, China 2021\u00a0<br \/>Photolucida - Blue Sky Gallery Award, USA 2021\u00a0<br \/>Finalist of the Global Peace Photo Award ,Germany 2021\u00a0<br \/>Honorable mention at the POYLATAM contest, Ecuador 2021<br \/>New Vision Award Cortona on the Move Festival, Italy 2020<br \/>Winner of the \u201cAm\u00e9rica Latina dans le Rue\u201d contest by IHEAL of the University Sorbonne, France 2020<br \/>Finalist for the Paris Photo\u2013Aperture Photobook Awards, France 2019<br \/>Nominated for the Prix PICTET, Switzerland 2019<br \/>Winner Cosmos Arles PDF Award, France 2019<br \/>Emergentes Award at the Encontros da Imagem Festival, Portugal 2019<br \/>FELIFA International Photobook Award, Argentina 2018<br \/>IILA Fotograf\u00eda Award, Italy 2016<br \/>Fotofest First Prize, Bolivia 2016<br \/>Latin American best photobook Award of the CDF, Uruguay 2013<br \/>Rural category Award at Latin American Center of Photography, Argentina 2012<\/p>\t\t\t\t\t\t\t\t<\/div>\n\t\t\t\t<div class=\"elementor-element elementor-element-5343d20 elementor-widget elementor-widget-heading\" data-id=\"5343d20\" data-element_type=\"widget\" data-widget_type=\"heading.default\">\n\t\t\t\t\t<h6 class=\"elementor-heading-title elementor-size-default\">Permanent collections:<\/h6>\t\t\t\t<\/div>\n\t\t\t\t<div class=\"elementor-element elementor-element-0e597c7 elementor-widget elementor-widget-text-editor\" data-id=\"0e597c7\" data-element_type=\"widget\" data-widget_type=\"text-editor.default\">\n\t\t\t\t\t\t\t\t\t<p>Lishui Photography Museum - China<br \/>Fondazione Orestiadi &#8211; Italia\u00a0<br \/>Museum of the Avant-garde - Switzerland\u00a0<br \/>National Museum of Photography - Norway\u00a0<br \/>IHEAL Latin American Institute of the Sorbonne University - France\u00a0<br \/>FOLA Latin American Photo Library - Argentina<br \/>Goethe Institut Montevideo - Uruguay<\/p>\t\t\t\t\t\t\t\t<\/div>\n\t\t\t\t<div class=\"elementor-element elementor-element-3ac479a elementor-widget elementor-widget-heading\" data-id=\"3ac479a\" data-element_type=\"widget\" data-widget_type=\"heading.default\">\n\t\t\t\t\t<h6 class=\"elementor-heading-title elementor-size-default\">Interviews:<\/h6>\t\t\t\t<\/div>\n\t\t\t\t<div class=\"elementor-element elementor-element-ef91ad3 elementor-widget elementor-widget-text-editor\" data-id=\"ef91ad3\" data-element_type=\"widget\" data-widget_type=\"text-editor.default\">\n\t\t\t\t\t\t\t\t\t<p><a href=\"https:\/\/vistprojects.com\/en\/for-photography-that-transforms-the-system\/\"><b>VIST<\/b><\/a><\/p><p><a href=\"https:\/\/www.1854.photography\/2020\/03\/shine-heroes-federico-estol\/\"><b>BRITISH\u00a0 JOURNAL OF PHOTOGRAPHY\u00a0<\/b><\/a><\/p><p><a href=\"https:\/\/www.1854.photography\/2020\/03\/shine-heroes-federico-estol\/\"><b>HUMBLE ARTS FOUNDATION<\/b><\/a><\/p><p><a href=\"https:\/\/www.lensculture.com\/articles\/federico-estol-shine-heroes\"><b>LENS CULTURE<\/b><\/a><\/p>\t\t\t\t\t\t\t\t<\/div>\n\t\t\t\t<\/div>\n\t\t<div class=\"elementor-element elementor-element-83c46f6 e-con-full e-flex e-con e-child\" data-id=\"83c46f6\" data-element_type=\"container\">\n\t\t\t\t<div class=\"elementor-element elementor-element-c93df51 elementor-widget elementor-widget-heading\" data-id=\"c93df51\" data-element_type=\"widget\" data-widget_type=\"heading.default\">\n\t\t\t\t\t<h6 class=\"elementor-heading-title elementor-size-default\">Featured exhibitions:<\/h6>\t\t\t\t<\/div>\n\t\t\t\t<div class=\"elementor-element elementor-element-66a3cc5 elementor-widget elementor-widget-text-editor\" data-id=\"66a3cc5\" data-element_type=\"widget\" data-widget_type=\"text-editor.default\">\n\t\t\t\t\t\t\t\t\t<p>Horikawa Oike Gallery, Kyoto-Japan 2025<br \/>Base Milano Cultural center, Milan-Italy 2025<br \/>Mus\u00e9e r\u00e9gional La Pulperie de Chicoutimi Quebec &#8211; Canad\u00e1 2025<br \/>Preus Museum,Oslo-Norway 2024<br \/>Benaki Museum, Athens-Greece 2024 <br \/>UN Headquarters, Geneva- Switzerland 2023 <br \/>Ras Al Khaimah, Al Jazeera-Emiratos \u00c1rabes Unidos 2023<br \/>Photobook Museum, Colonia-Alemania 2023 <br \/>Lagos Photo Festival, Lagos-Nigeria 2023<br \/>SFO Museum, San Francisco-EE. UU 2023<br \/>Museo de la Ciudad, Quer\u00e9taro-M\u00e9xico 2023<br \/>Bienal de Fotograf\u00eda de Tucum\u00e1n, Tucum\u00e1n-Argentina 2022<br \/>Kunsthal Art Space, Rotterdam-Pa\u00edses Bajos 2022<br \/>Galer\u00eda Blue Sky, Portland-EE. UU 2021<br \/>Museo de Fotograf\u00eda, Lishui-China 2021<br \/>Art Inkubator, \u0141\u00f3d\u017a-Polonia 2021<br \/>Cortona on The Move, Cortona-Italia 2021<br \/>Festival FORMAT, Derby-Inglaterra 2021<br \/>Centro de Fotograf\u00eda CDF, Montevideo-Uruguay 2020<br \/>Espacio cultural GNration, Braga-Portugal 2020<br \/>Museo de Fotograf\u00eda y Multimedia, Tbilisi-Georgia 2019<br \/>Rencontres de la Photographie d\u00b4Arles, Arles-Francia 2019<br \/>Village of Photography, Yeongwol-Corea del Sur 2019<br \/>Getxophoto Festival, Bilbao-Espa\u00f1a 2019<br \/>Kaunas Photography Gallery, Kaunas-Lituania 2018<br \/>MATTATOIO, Roma-Italia 2018<br \/>FOLA Fototeca Latinoamericana, Buenos Aires-Argentina 2017<br \/>Museo MACRO, Roma-Italia 2016<br \/>Addis Foto Fest, Addis Abeba-Etiop\u00eda 2016<br \/>Espacio de Arte Contempor\u00e1neo, Montevideo-Uruguay 2016<br \/>Galer\u00eda Casa Florida, Buenos Aires-Argentina 2015 <br \/>Centro Fotogr\u00e1fico Nykyaika, Tampere-Finlandia 2014 <br \/>Casa del Bicentenario, Buenos Aires-Argentina 2013 <br \/>Oude Suikerfabriek, Groningen-Pa\u00edses Bajos 2013<br \/>Fundaci\u00f3n Pablo Atchugarry, Punta del Este-Uruguay 2011<br \/>Cabildo de Montevideo, Montevideo-Uruguay 2011<\/p><p>\u00a0<\/p>\t\t\t\t\t\t\t\t<\/div>\n\t\t\t\t<\/div>\n\t\t\t\t<\/div>\n\t\t<div class=\"elementor-element elementor-element-6dfb3bb e-con-full e-flex e-con e-parent\" data-id=\"6dfb3bb\" data-element_type=\"container\">\n\t\t<div class=\"elementor-element elementor-element-7697e8d e-con-full e-flex e-con e-child\" data-id=\"7697e8d\" data-element_type=\"container\">\n\t\t<div class=\"elementor-element elementor-element-0651154 e-con-full e-flex e-con e-child\" data-id=\"0651154\" data-element_type=\"container\">\n\t\t<div class=\"elementor-element elementor-element-c050bac e-con-full e-flex e-con e-child\" data-id=\"c050bac\" data-element_type=\"container\">\n\t\t\t\t<div class=\"elementor-element elementor-element-abc312f elementor-widget elementor-widget-text-editor\" data-id=\"abc312f\" data-element_type=\"widget\" data-widget_type=\"text-editor.default\">\n\t\t\t\t\t\t\t\t\t<p>For exhibitions, publications, and creative collaborations, please contact the studio directly.<\/p>\t\t\t\t\t\t\t\t<\/div>\n\t\t\t\t<div class=\"elementor-element elementor-element-212ccd4 elementor-widget elementor-widget-image\" data-id=\"212ccd4\" data-element_type=\"widget\" data-widget_type=\"image.default\">\n\t\t\t\t\t\t\t\t\t\t\t\t\t\t\t<img alt=\"\" decoding=\"async\" width=\"683\" height=\"168\" src=\"https:\/\/federicoestol.com\/wp-content\/uploads\/2025\/08\/logo-22.png\" class=\"attachment-large size-large wp-image-36\" srcset=\"https:\/\/federicoestol.com\/wp-content\/uploads\/2025\/08\/logo-22.png 683w, https:\/\/federicoestol.com\/wp-content\/uploads\/2025\/08\/logo-22-300x74.png 300w\" sizes=\"(max-width: 683px) 100vw, 683px\" \/>\t\t\t\t\t\t\t\t\t\t\t\t\t\t\t<\/div>\n\t\t\t\t<div class=\"elementor-element elementor-element-00cd421 elementor-widget elementor-widget-text-editor\" data-id=\"00cd421\" data-element_type=\"widget\" data-widget_type=\"text-editor.default\">\n\t\t\t\t\t\t\t\t\t<p><span style=\"font-weight: 400;\">Stu<\/span><span style=\"font-weight: 400;\">dio<\/span><\/p><p><a href=\"mailto:fedestol@gmail.com\"><span style=\"font-weight: 400;\">fedestol@gmail.com<\/span><\/a><\/p><p><span style=\"font-weight: 400;\">La Plata<\/span><\/p>\t\t\t\t\t\t\t\t<\/div>\n\t\t\t\t<\/div>\n\t\t\t\t<\/div>\n\t\t<div class=\"elementor-element elementor-element-9558791 e-con-full e-flex e-con e-child\" data-id=\"9558791\" data-element_type=\"container\">\n\t\t\t\t<div class=\"elementor-element elementor-element-308977a elementor-widget elementor-widget-image\" data-id=\"308977a\" data-element_type=\"widget\" data-widget_type=\"image.default\">\n\t\t\t\t\t\t\t\t\t\t\t\t\t\t\t<img alt=\"\" decoding=\"async\" width=\"1000\" height=\"1000\" src=\"https:\/\/federicoestol.com\/wp-content\/uploads\/2025\/10\/IMG_6805-e1760546506128.jpg\" class=\"attachment-full size-full wp-image-1888\" \/>\t\t\t\t\t\t\t\t\t\t\t\t\t\t\t<\/div>\n\t\t\t\t<\/div>\n\t\t\t\t<\/div>\n\t\t\t\t<\/div>\n\t\t<div class=\"elementor-element elementor-element-66a70dd e-con-full e-flex e-con e-parent\" data-id=\"66a70dd\" data-element_type=\"container\">\n\t\t<div class=\"elementor-element elementor-element-61dc576 e-con-full e-flex e-con e-child\" data-id=\"61dc576\" data-element_type=\"container\">\n\t\t<div class=\"elementor-element elementor-element-89c2990 e-con-full e-flex e-con e-child\" data-id=\"89c2990\" data-element_type=\"container\">\n\t\t\t\t<div class=\"elementor-element elementor-element-8ae27a7 elementor-widget elementor-widget-image\" data-id=\"8ae27a7\" data-element_type=\"widget\" data-widget_type=\"image.default\">\n\t\t\t\t\t\t\t\t\t\t\t\t\t\t\t<img alt=\"\" loading=\"lazy\" decoding=\"async\" width=\"904\" height=\"854\" src=\"https:\/\/federicoestol.com\/wp-content\/uploads\/2025\/10\/Captura-de-pantalla-2025-09-18-a-las-22.45.48.png\" class=\"attachment-full size-full wp-image-1889\" srcset=\"https:\/\/federicoestol.com\/wp-content\/uploads\/2025\/10\/Captura-de-pantalla-2025-09-18-a-las-22.45.48.png 904w, https:\/\/federicoestol.com\/wp-content\/uploads\/2025\/10\/Captura-de-pantalla-2025-09-18-a-las-22.45.48-300x283.png 300w, https:\/\/federicoestol.com\/wp-content\/uploads\/2025\/10\/Captura-de-pantalla-2025-09-18-a-las-22.45.48-768x726.png 768w, https:\/\/federicoestol.com\/wp-content\/uploads\/2025\/10\/Captura-de-pantalla-2025-09-18-a-las-22.45.48-13x12.png 13w\" sizes=\"(max-width: 904px) 100vw, 904px\" \/>\t\t\t\t\t\t\t\t\t\t\t\t\t\t\t<\/div>\n\t\t\t\t<\/div>\n\t\t<div class=\"elementor-element elementor-element-c2bd5ed e-con-full e-flex e-con e-child\" data-id=\"c2bd5ed\" data-element_type=\"container\">\n\t\t\t\t<div class=\"elementor-element elementor-element-d359a5a elementor-widget elementor-widget-text-editor\" data-id=\"d359a5a\" data-element_type=\"widget\" data-widget_type=\"text-editor.default\">\n\t\t\t\t\t\t\t\t\t<p><span style=\"font-weight: 400;\">To acquire serial fine art works for public and private collections:<\/span><\/p>\t\t\t\t\t\t\t\t<\/div>\n\t\t\t\t<div class=\"elementor-element elementor-element-2c8c58e elementor-widget elementor-widget-heading\" data-id=\"2c8c58e\" data-element_type=\"widget\" data-widget_type=\"heading.default\">\n\t\t\t\t\t<h6 class=\"elementor-heading-title elementor-size-default\">Represented by:<\/h6>\t\t\t\t<\/div>\n\t\t\t\t<div class=\"elementor-element elementor-element-2b69a91 elementor-widget elementor-widget-image\" data-id=\"2b69a91\" data-element_type=\"widget\" data-widget_type=\"image.default\">\n\t\t\t\t\t\t\t\t\t\t\t\t\t\t\t\t<a href=\"https:\/\/east-wing.org\/\" target=\"_blank\">\n\t\t\t\t\t\t\t<img alt=\"\" loading=\"lazy\" decoding=\"async\" width=\"170\" height=\"89\" src=\"https:\/\/federicoestol.com\/wp-content\/uploads\/2025\/08\/Captura-de-pantalla-2025-07-31-a-las-06.54.41.png\" class=\"elementor-animation-grow attachment-large size-large wp-image-97\" \/>\t\t\t\t\t\t\t\t<\/a>\n\t\t\t\t\t\t\t\t\t\t\t\t\t\t\t<\/div>\n\t\t\t\t<div class=\"elementor-element elementor-element-229db64 elementor-widget elementor-widget-text-editor\" data-id=\"229db64\" data-element_type=\"widget\" data-widget_type=\"text-editor.default\">\n\t\t\t\t\t\t\t\t\t<p>East Wing gallery director<\/p><p>Peggy Sue Amison<\/p><p><a href=\"mailto:peg.eastwing@gmail.com\">peg.eastwing@gmail.com<\/a><\/p><p>Doha &#8211; Berlin<\/p>\t\t\t\t\t\t\t\t<\/div>\n\t\t\t\t<\/div>\n\t\t\t\t<\/div>\n\t\t\t\t<\/div>\n\t\t\t\t<\/div>","protected":false},"excerpt":{"rendered":"<p>BIO: Fot\u00f3grafo y artivista visual uruguayo. Actualmente desarrolla proyectos a largo plazo que exploran la relaci\u00f3n entre la identidad cultural, la desigualdad y la justicia social. A su vez es director art\u00edstico del festival internacional SAN JOS\u00c9 FOTO, profesor invitado en la Facultad de Artes UNLP La Plata (Argentina) y editor de fotolibros en El [&hellip;]<\/p>","protected":false},"author":1,"featured_media":0,"parent":0,"menu_order":0,"comment_status":"closed","ping_status":"closed","template":"","meta":{"_seopress_robots_primary_cat":"","_seopress_titles_title":"","_seopress_titles_desc":"","_seopress_robots_index":"","footnotes":""},"class_list":["post-84","page","type-page","status-publish","hentry"],"acf":[],"_links":{"self":[{"href":"https:\/\/federicoestol.com\/eng\/wp-json\/wp\/v2\/pages\/84","targetHints":{"allow":["GET"]}}],"collection":[{"href":"https:\/\/federicoestol.com\/eng\/wp-json\/wp\/v2\/pages"}],"about":[{"href":"https:\/\/federicoestol.com\/eng\/wp-json\/wp\/v2\/types\/page"}],"author":[{"embeddable":true,"href":"https:\/\/federicoestol.com\/eng\/wp-json\/wp\/v2\/users\/1"}],"replies":[{"embeddable":true,"href":"https:\/\/federicoestol.com\/eng\/wp-json\/wp\/v2\/comments?post=84"}],"version-history":[{"count":208,"href":"https:\/\/federicoestol.com\/eng\/wp-json\/wp\/v2\/pages\/84\/revisions"}],"predecessor-version":[{"id":2510,"href":"https:\/\/federicoestol.com\/eng\/wp-json\/wp\/v2\/pages\/84\/revisions\/2510"}],"wp:attachment":[{"href":"https:\/\/federicoestol.com\/eng\/wp-json\/wp\/v2\/media?parent=84"}],"curies":[{"name":"wp","href":"https:\/\/api.w.org\/{rel}","templated":true}]}}